{"id":17239,"date":"2024-05-31T22:19:07","date_gmt":"2024-05-31T22:19:07","guid":{"rendered":"https:\/\/grupoandersons.com\/en\/?page_id=17239"},"modified":"2025-10-23T19:22:29","modified_gmt":"2025-10-23T19:22:29","slug":"tyc-vales","status":"publish","type":"page","link":"https:\/\/grupoandersons.com\/en\/tyc-vales\/","title":{"rendered":"Tyc vales"},"content":{"rendered":"\t\t<div data-elementor-type=\"wp-page\" data-elementor-id=\"17239\" class=\"elementor elementor-17239\" data-elementor-post-type=\"page\">\n\t\t\t\t<div class=\"elementor-element elementor-element-7d4b8e3 e-flex e-con-boxed e-con e-parent\" data-id=\"7d4b8e3\" data-element_type=\"container\">\n\t\t\t\t\t<div class=\"e-con-inner\">\n\t\t\t\t<div class=\"elementor-element elementor-element-a70bf53 elementor-widget elementor-widget-heading\" data-id=\"a70bf53\" data-element_type=\"widget\" data-widget_type=\"heading.default\">\n\t\t\t\t<div class=\"elementor-widget-container\">\n\t\t\t\t\t<h2 class=\"elementor-heading-title elementor-size-default\">T\u00c9RMINOS Y CONDICIONES<\/h2>\t\t\t\t<\/div>\n\t\t\t\t<\/div>\n\t\t\t\t\t<\/div>\n\t\t\t\t<\/div>\n\t\t<div class=\"elementor-element elementor-element-66d3ae0 e-flex e-con-boxed e-con e-parent\" data-id=\"66d3ae0\" data-element_type=\"container\">\n\t\t\t\t\t<div class=\"e-con-inner\">\n\t\t\t\t<div class=\"elementor-element elementor-element-b2c563a elementor-widget elementor-widget-html\" data-id=\"b2c563a\" data-element_type=\"widget\" data-widget_type=\"html.default\">\n\t\t\t\t<div class=\"elementor-widget-container\">\n\t\t\t\t\t<h2><b>10% off<\/b><\/h2>\n\n<ul style=\"padding-left: 20px; margin-left: 25px; padding-right: 30px;\">\n \t<li style=\"list-style-type: none;\">\n<ul style=\"padding-left: 20px; margin-left: 25px; padding-right: 30px;\">\n \t<li style=\"font-weight: 400;\" aria-level=\"1\"><span style=\"font-weight: 400;\">Se debe presentar la tarjeta para obtener el descuento.  <\/span><\/li>\n \t<li style=\"font-weight: 400;\" aria-level=\"1\"><span style=\"font-weight: 400;\">Es necesario mostrar el gafete o indicador de que es parte del congreso \/ convenci\u00f3n.  <\/span><\/li>\n \t<li style=\"font-weight: 400;\" aria-level=\"1\"><span style=\"font-weight: 400;\">El descuento se hace sobre el total de la cuenta. <\/span><\/li>\n \t<li style=\"font-weight: 400;\" aria-level=\"1\"><span style=\"font-weight: 400;\">Es v\u00e1lido para una visita. <\/span><\/li>\n \t<li style=\"font-weight: 400;\" aria-level=\"1\"><span style=\"font-weight: 400;\">No es v\u00e1lido para posadas. <\/span><\/li>\n \t<li style=\"font-weight: 400;\" aria-level=\"1\"><span style=\"font-weight: 400;\">V\u00e1lido en las fechas del congreso \/ convenci\u00f3n. <\/span><\/li>\n \t<li style=\"font-weight: 400;\" aria-level=\"1\"><span style=\"font-weight: 400;\">V\u00e1lido \u00fanicamente en las unidades de Canc\u00fan, Q. Roo. <\/span><\/li>\n<\/ul>\n<\/li>\n<\/ul>\t\t\t\t<\/div>\n\t\t\t\t<\/div>\n\t\t\t\t<div class=\"elementor-element elementor-element-39cc2c4 elementor-widget elementor-widget-html\" data-id=\"39cc2c4\" data-element_type=\"widget\" data-widget_type=\"html.default\">\n\t\t\t\t<div class=\"elementor-widget-container\">\n\t\t\t\t\t<h2><b>CERTIFICADOS DE CONSUMO<\/b><\/h2>\n<p><span style=\"font-weight: 400;\">Los certificados de regalo\/consumo (\u201cEl Certificado\u201d) son emitidos por Grupo Anderson\u2019s en conformidad con los t\u00e9rminos y condiciones siguientes:<\/span><\/p>\n<h5><strong>T\u00c9RMINOS Y CONDICIONES<\/strong><\/h5>\n<ul style=\"padding-left: 20px; margin-left: 25px; padding-right: 30px;\">\n<li style=\"list-style-type: none;\">\n<ul style=\"padding-left: 20px; margin-left: 25px; padding-right: 30px;\">\n<li style=\"font-weight: 400;\" aria-level=\"1\"><span style=\"font-weight: 400;\">El certificado solo es v\u00e1lido para consumo dentro del restaurante. <\/span><\/li>\n<li style=\"font-weight: 400;\" aria-level=\"1\"><span style=\"font-weight: 400;\">El certificado <b>NO ES V\u00c1LIDO<\/b> en alimentos y bebidas para llevar. <\/span><\/li>\n<li style=\"font-weight: 400;\" aria-level=\"1\"><span style=\"font-weight: 400;\">En botellas para llevar, se debe pagar el 15% del valor de la botella.<\/span><\/li>\n<li style=\"font-weight: 400;\" aria-level=\"1\"><span style=\"font-weight: 400;\">Se requiere entregar impreso el certificado.<\/span><\/li>\n<li style=\"font-weight: 400;\" aria-level=\"1\"><span style=\"font-weight: 400;\">Los certificados tiene un a\u00f1o de vigencia a partir de su expedici\u00f3n.<\/span><\/li>\n<li style=\"font-weight: 400;\" aria-level=\"1\"><span style=\"font-weight: 400;\">Los certificados no son reembolsables.&nbsp;<\/span><\/li>\n<\/ul>\n<\/li>\n<\/ul>\n<p><!--<\/p>\n<li style=\"font-weight: 400;\" aria-level=\"1\"><span style=\"font-weight: 400;\">No pueden ser cambiados por dinero.<\/span><\/li>\n<p>--><\/p>\n<ul style=\"padding-left: 20px; margin-left: 25px; padding-right: 30px;\">\n<li style=\"list-style-type: none;\">\n<ul style=\"padding-left: 20px; margin-left: 25px; padding-right: 30px;\">\n<li style=\"font-weight: 400;\" aria-level=\"1\"><span style=\"font-weight: 400;\">No son v\u00e1lidos con otras promociones.&nbsp;<\/span><\/li>\n<\/ul>\n<\/li>\n<\/ul>\n<p><!--<\/p>\n<li style=\"font-weight: 400;\" aria-level=\"1\"><span style=\"font-weight: 400;\">En caso de robo o extrav\u00edo no pueden ser reemplazados. <\/span><\/li>\n<li style=\"font-weight: 400;\" aria-level=\"1\"><span style=\"font-weight: 400;\">Un certificado puede ser usado solo por el titular (en caso de que est\u00e9 a nombre de una compa\u00f1\u00eda\/empresa, el portador deber\u00e1 identificarse como parte de la misma). <\/span><\/li>\n<p>--><\/p>\n<ul style=\"padding-left: 20px; margin-left: 25px; padding-right: 30px;\">\n<li style=\"font-weight: 400;\" aria-level=\"1\"><span style=\"font-weight: 400;\">PROHIBIDA SU VENTA. En caso de que el titular sea sorprendido vendiendo se cancelar\u00e1 el convenio inmediatamente.<\/span><\/li>\n<li style=\"font-weight: 400;\" aria-level=\"1\"><span style=\"font-weight: 400;\">No aplica en montos inferiores a la cantidad del mismo.<\/span><\/li>\n<li style=\"font-weight: 400;\" aria-level=\"1\"><span style=\"font-weight: 400;\">El portador es responsable de las propinas del empleo de este certificado.<\/span><\/li>\n<li style=\"font-weight: 400;\" aria-level=\"1\"><span style=\"font-weight: 400;\">No es v\u00e1lido en d\u00edas festivos.<\/span><\/li>\n<\/ul>\n<h5><strong>FECHAS QUE NO SON VALIDOS LOS CERTIFICADOS<\/strong><\/h5>\n<ul style=\"padding-left: 20px; margin-left: 25px; padding-right: 30px;\">\n<li><span style=\"font-weight: 400;\">1ro de Enero \/ A\u00f1o Nuevo<\/span><\/li>\n<li><span style=\"font-weight: 400;\">5 de Febrero \/ D\u00eda de la Constituci\u00f3n<\/span><\/li>\n<li><span style=\"font-weight: 400;\">14 de Febrero \/ San Valentin<\/span><\/li>\n<li><span style=\"font-weight: 400;\">21 de Marzo \/ Natalicio de Benito Ju\u00e1rez<\/span><\/li>\n<li><span style=\"font-weight: 400;\">Abril - Semana santa \/ Jueves a Domingo<\/span><\/li>\n<li><span style=\"font-weight: 400;\">1 de Mayo \/ D\u00eda del trabajo<\/span><\/li>\n<li><span style=\"font-weight: 400;\">10 de Mayo \/ D\u00edas de las madres<\/span><\/li>\n<li><span style=\"font-weight: 400;\">D\u00eda del Padre (19 de junio o tercer domingo del mes)<\/span><\/li>\n<li><span style=\"font-weight: 400;\">15 y 16 de Septiembre \/ Independencia de M\u00e9xico<\/span><\/li>\n<li><span style=\"font-weight: 400;\">24, 25 y 26 de Octubre *Aplica para CDMX <\/span><\/li>\n<li><span style=\"font-weight: 400;\">31 de Octubre \/ Halloween<\/span><\/li>\n<li><span style=\"font-weight: 400;\">2do de Noviembre \/ D\u00eda de Muertos<\/span><\/li>\n<li><span style=\"font-weight: 400;\">20 de Noviembre \/ Revoluci\u00f3n Mexicana<\/span><\/li>\n<li><span style=\"font-weight: 400;\">Thanksgiving (cuarto Jueves de Noviembre)<\/span><\/li>\n<li><span style=\"font-weight: 400;\">24 de Diciembre \/ Noche Buena<\/span><\/li>\n<li><span style=\"font-weight: 400;\">25 de Diciembre \/ Navidad<\/span><\/li>\n<li><span style=\"font-weight: 400;\">31 de Diciembre \/ A\u00f1o nuevo<\/span><\/li>\n<\/ul>\n<h5><strong>ABIERTO MEXICANO DE TENIS 2024<\/strong><\/h5>\n<p><span style=\"font-weight: 400;\">Los vales de consumo no ser\u00e1n v\u00e1lidos durante los encuentros<br><\/span><\/p>\n<ul style=\"padding-left: 20px; margin-left: 25px; padding-right: 30px;\">\n<li><span style=\"font-weight: 400;\">Empezando el d\u00eda 28 de Febrero al 2 de Marzo del 2023<\/span><\/li>\n<\/ul>\n<p>&nbsp;<\/p>\n<h5><strong>EVENTOS DEPORTIVOS<\/strong><\/h5>\n<p><span style=\"font-weight: 400;\">Los vales de consumo no ser\u00e1n v\u00e1lidos durante los siguientes encuentros:<\/span><\/p>\n<ul style=\"padding-left: 20px; margin-left: 25px; padding-right: 30px;\">\n<li><span style=\"font-weight: 400;\">Super Bowl<\/span><\/li>\n<li><span style=\"font-weight: 400;\">Final Mundial de Clubes<\/span><\/li>\n<li><span style=\"font-weight: 400;\">Final Champions League<\/span><\/li>\n<li><span style=\"font-weight: 400;\">Finales de la NBA<\/span><\/li>\n<li><span style=\"font-weight: 400;\">Final Copa Am\u00e9rica<\/span><\/li>\n<li><span style=\"font-weight: 400;\">Final Copa Oro,<\/span><\/li>\n<li><span style=\"font-weight: 400;\">Juegos Olimpicos<\/span><\/li>\n<li><span style=\"font-weight: 400;\">Serie Mundial<\/span><\/li>\n<li><span style=\"font-weight: 400;\">Nations League<\/span><\/li>\n<li><span style=\"font-weight: 400;\">F\u00f3rmula 1 M\u00e9xico 25 al 27 Octubre<\/span><\/li>\n<\/ul>\n<p><span style=\"font-weight: 400;\">Estos t\u00e9rminos constituyen un acuerdo y la posesi\u00f3n o uso de este certificado establece la acepci\u00f3n de estos t\u00e9rminos.<\/span><\/p>\n<h2><b>RESTAURANT VOUCHERS<\/b><\/h2>\n<p><span style=\"font-weight: 400;\">Restaurant vouchers (\u201cThe Certificate\u201d) are issued by Grupo Anderson&#8217;s in accordance with the following terms and conditions:<\/span><\/p>\n<h5><strong>TERMS AND CONDITIONS<\/strong><\/h5>\n<ul style=\"padding-left: 20px; margin-left: 25px; padding-right: 30px;\">\n<li style=\"list-style-type: none;\">\n<ul style=\"padding-left: 20px; margin-left: 25px; padding-right: 30px;\">\n<li style=\"font-weight: 400;\" aria-level=\"1\"><span style=\"font-weight: 400;\">The certificate is only valid for consumption inside the restaurant.<\/span><\/li>\n<li style=\"font-weight: 400;\" aria-level=\"1\"><span style=\"font-weight: 400;\">The certificate is <b>NOT VALID <\/b>for take-out food and beverages.<\/span><\/li>\n<li style=\"font-weight: 400;\" aria-level=\"1\"><span style=\"font-weight: 400;\">All certificates are non-refundable.<\/span><\/li>\n<\/ul>\n<\/li>\n<\/ul>\n<p><!--<\/p>\n<li style=\"font-weight: 400;\" aria-level=\"1\"><span style=\"font-weight: 400;\">They cannot be exchanged for cash.<\/span><\/li>\n<p>--><\/p>\n<ul style=\"padding-left: 20px; margin-left: 25px; padding-right: 30px;\">\n<li style=\"list-style-type: none;\">\n<ul style=\"padding-left: 20px; margin-left: 25px; padding-right: 30px;\">\n<li style=\"font-weight: 400;\" aria-level=\"1\"><span style=\"font-weight: 400;\">They are not valid with other promotions.<\/span><\/li>\n<\/ul>\n<\/li>\n<\/ul>\n<p><!--<\/p>\n<li style=\"font-weight: 400;\" aria-level=\"1\"><span style=\"font-weight: 400;\">In case of theft or loss they cannot be replaced.<\/span><\/li>\n<li style=\"font-weight: 400;\" aria-level=\"1\"><span style=\"font-weight: 400;\">A certificate can only be used by the holder (if it is in the name of a company\/enterprise, the bearer must identify himself as part of it).<\/span><\/li>\n<p>--><\/p>\n<ul style=\"padding-left: 20px; margin-left: 25px; padding-right: 30px;\">\n<li style=\"font-weight: 400;\" aria-level=\"1\"><span style=\"font-weight: 400;\">SALES ARE PROHIBITED. In the event that the owner is caught selling, the agreement will be canceled immediately.<\/span><\/li>\n<li style=\"font-weight: 400;\" aria-level=\"1\"><span style=\"font-weight: 400;\">Does not apply to amounts less than the certificate amount.<\/span><\/li>\n<li style=\"font-weight: 400;\" aria-level=\"1\"><span style=\"font-weight: 400;\">The bearer is responsible for gratuities from the use of this certificate.<\/span><\/li>\n<li style=\"font-weight: 400;\" aria-level=\"1\"><span style=\"font-weight: 400;\">Not valid on holidays.<\/span><\/li>\n<\/ul>\n<h5><strong>DATES WHICH CERTIFICATES ARE NOT VALID<\/strong><\/h5>\n<ul style=\"padding-left: 20px; margin-left: 25px; padding-right: 30px;\">\n<li style=\"font-weight: 400;\" aria-level=\"1\"><span style=\"font-weight: 400;\">January 1st \/ New Year<\/span><\/li>\n<li style=\"font-weight: 400;\" aria-level=\"1\"><span style=\"font-weight: 400;\">February 5th \/ Constitution Day<\/span><\/li>\n<li style=\"font-weight: 400;\" aria-level=\"1\"><span style=\"font-weight: 400;\">February 14 \/ Valentine&#8217;s Day<\/span><\/li>\n<li style=\"font-weight: 400;\" aria-level=\"1\"><span style=\"font-weight: 400;\">March 21 \/ Birthday of Benito Ju\u00e1rez<\/span><\/li>\n<li style=\"font-weight: 400;\" aria-level=\"1\"><span style=\"font-weight: 400;\">April - Easter \/ Thursday to Sunday<\/span><\/li>\n<li style=\"font-weight: 400;\" aria-level=\"1\"><span style=\"font-weight: 400;\">May 1 \/ Labor Day<\/span><\/li>\n<li style=\"font-weight: 400;\" aria-level=\"1\"><span style=\"font-weight: 400;\">May 10 \/ Mother&#8217;s Day<\/span><\/li>\n<li style=\"font-weight: 400;\" aria-level=\"1\"><span style=\"font-weight: 400;\">Father&#8217;s Day (June 19 or third Sunday of the month)<\/span><\/li>\n<li style=\"font-weight: 400;\" aria-level=\"1\"><span style=\"font-weight: 400;\">September 15 and 16 \/ Independence of Mexico<\/span><\/li>\n<li style=\"font-weight: 400;\" aria-level=\"1\"><span style=\"font-weight: 400;\">October 24, 25 and 26 *Only in CDMX <\/span><\/li>\n<li style=\"font-weight: 400;\" aria-level=\"1\"><span style=\"font-weight: 400;\">October 31 \/ Halloween<\/span><\/li>\n<li style=\"font-weight: 400;\" aria-level=\"1\"><span style=\"font-weight: 400;\">November 2nd \/ Day of the Dead<\/span><\/li>\n<li style=\"font-weight: 400;\" aria-level=\"1\"><span style=\"font-weight: 400;\">November 20 \/ Mexican Revolution<\/span><\/li>\n<li style=\"font-weight: 400;\" aria-level=\"1\"><span style=\"font-weight: 400;\">Thanksgiving (fourth Thursday of November)<\/span><\/li>\n<li style=\"font-weight: 400;\" aria-level=\"1\"><span style=\"font-weight: 400;\">December 24 \/ Christmas Eve<\/span><\/li>\n<li style=\"font-weight: 400;\" aria-level=\"1\"><span style=\"font-weight: 400;\">25th December, Christmas<\/span><\/li>\n<li style=\"font-weight: 400;\" aria-level=\"1\"><span style=\"font-weight: 400;\">December 31 \/ New Year<\/span><\/li>\n<\/ul>\n<h5><strong>MEXICAN TENNIS OPEN 2024<\/strong><\/h5>\n<p><span style=\"font-weight: 400;\">Consumption vouchers will not be valid during matches<br><\/span><\/p>\n<ul style=\"padding-left: 20px; margin-left: 25px; padding-right: 30px;\">\n<li><span style=\"font-weight: 400;\">Starting February 28 to March 2, 2023<\/span><\/li>\n<\/ul>\n<p>&nbsp;<\/p>\n<h5><strong>SPORT EVENTS<\/strong><\/h5>\n<p><span style=\"font-weight: 400;\">Los vales de consumo no ser\u00e1n v\u00e1lidos durante los siguientes encuentros:<\/span><\/p>\n<ul style=\"padding-left: 20px; margin-left: 25px; padding-right: 30px;\">\n<li><span style=\"font-weight: 400;\">Super Bowl<\/span><\/li>\n<li><span style=\"font-weight: 400;\">FIFA Club World Cup Final<\/span><\/li>\n<li><span style=\"font-weight: 400;\">Champions League Final<\/span><\/li>\n<li><span style=\"font-weight: 400;\">NBA Final<\/span><\/li>\n<li><span style=\"font-weight: 400;\">America Cup Final<\/span><\/li>\n<li><span style=\"font-weight: 400;\">CONCACAF Gold Cup Final<\/span><\/li>\n<li><span style=\"font-weight: 400;\">Olympics Games<\/span><\/li>\n<li><span style=\"font-weight: 400;\">World Series Final<\/span><\/li>\n<li><span style=\"font-weight: 400;\">Nations League Final<\/span><\/li>\n<li><span style=\"font-weight: 400;\">Formula 1 Mexico, October 25 to 27<\/span><\/li>\n<\/ul>\n<p><span style=\"font-weight: 400;\">These terms constitute an agreement and possession or use of this certificate establishes the acceptance of these terms2<\/span><\/p>\t\t\t\t<\/div>\n\t\t\t\t<\/div>\n\t\t\t\t\t<\/div>\n\t\t\t\t<\/div>\n\t\t\t\t<\/div>\n\t\t","protected":false},"excerpt":{"rendered":"<p>T\u00c9RMINOS Y CONDICIONES 10% off Se debe presentar la tarjeta para obtener el descuento. Es necesario mostrar el gafete o indicador de que es parte del congreso \/ convenci\u00f3n. El descuento se hace sobre el total de la cuenta. Es v\u00e1lido para una visita. No es v\u00e1lido para posadas. V\u00e1lido en las fechas del congreso [&hellip;]<\/p>\n","protected":false},"author":1,"featured_media":0,"parent":0,"menu_order":0,"comment_status":"closed","ping_status":"closed","template":"","meta":{"_acf_changed":false,"footnotes":""},"class_list":["post-17239","page","type-page","status-publish","hentry"],"acf":[],"yoast_head":"<!-- This site is optimized with the Yoast SEO plugin v26.7 - https:\/\/yoast.com\/wordpress\/plugins\/seo\/ -->\n<title>Tyc vales - Grupo Anderson&#039;s EN<\/title>\n<meta name=\"robots\" content=\"index, follow, max-snippet:-1, max-image-preview:large, max-video-preview:-1\" \/>\n<link rel=\"canonical\" href=\"https:\/\/grupoandersons.com\/en\/tyc-vales\/\" \/>\n<meta property=\"og:locale\" content=\"es_MX\" \/>\n<meta property=\"og:type\" content=\"article\" \/>\n<meta property=\"og:title\" content=\"Tyc vales - Grupo Anderson&#039;s EN\" \/>\n<meta property=\"og:description\" content=\"T\u00c9RMINOS Y CONDICIONES 10% off Se debe presentar la tarjeta para obtener el descuento. Es necesario mostrar el gafete o indicador de que es parte del congreso \/ convenci\u00f3n. El descuento se hace sobre el total de la cuenta. Es v\u00e1lido para una visita. No es v\u00e1lido para posadas. V\u00e1lido en las fechas del congreso [&hellip;]\" \/>\n<meta property=\"og:url\" content=\"https:\/\/grupoandersons.com\/en\/tyc-vales\/\" \/>\n<meta property=\"og:site_name\" content=\"Grupo Anderson&#039;s EN\" \/>\n<meta property=\"article:modified_time\" content=\"2025-10-23T19:22:29+00:00\" \/>\n<meta name=\"twitter:card\" content=\"summary_large_image\" \/>\n<meta name=\"twitter:label1\" content=\"Tiempo de lectura\" \/>\n\t<meta name=\"twitter:data1\" content=\"4 minutos\" \/>\n<script type=\"application\/ld+json\" class=\"yoast-schema-graph\">{\"@context\":\"https:\/\/schema.org\",\"@graph\":[{\"@type\":\"WebPage\",\"@id\":\"https:\/\/grupoandersons.com\/en\/tyc-vales\/\",\"url\":\"https:\/\/grupoandersons.com\/en\/tyc-vales\/\",\"name\":\"Tyc vales - Grupo Anderson's EN\",\"isPartOf\":{\"@id\":\"https:\/\/grupoandersons.com\/en\/#website\"},\"datePublished\":\"2024-05-31T22:19:07+00:00\",\"dateModified\":\"2025-10-23T19:22:29+00:00\",\"breadcrumb\":{\"@id\":\"https:\/\/grupoandersons.com\/en\/tyc-vales\/#breadcrumb\"},\"inLanguage\":\"es\",\"potentialAction\":[{\"@type\":\"ReadAction\",\"target\":[\"https:\/\/grupoandersons.com\/en\/tyc-vales\/\"]}]},{\"@type\":\"BreadcrumbList\",\"@id\":\"https:\/\/grupoandersons.com\/en\/tyc-vales\/#breadcrumb\",\"itemListElement\":[{\"@type\":\"ListItem\",\"position\":1,\"name\":\"Inicio\",\"item\":\"https:\/\/grupoandersons.com\/en\/\"},{\"@type\":\"ListItem\",\"position\":2,\"name\":\"Tyc vales\"}]},{\"@type\":\"WebSite\",\"@id\":\"https:\/\/grupoandersons.com\/en\/#website\",\"url\":\"https:\/\/grupoandersons.com\/en\/\",\"name\":\"Grupo Anderson's EN\",\"description\":\"\",\"potentialAction\":[{\"@type\":\"SearchAction\",\"target\":{\"@type\":\"EntryPoint\",\"urlTemplate\":\"https:\/\/grupoandersons.com\/en\/?s={search_term_string}\"},\"query-input\":{\"@type\":\"PropertyValueSpecification\",\"valueRequired\":true,\"valueName\":\"search_term_string\"}}],\"inLanguage\":\"es\"}]}<\/script>\n<!-- \/ Yoast SEO plugin. -->","yoast_head_json":{"title":"Tyc vales - Grupo Anderson's EN","robots":{"index":"index","follow":"follow","max-snippet":"max-snippet:-1","max-image-preview":"max-image-preview:large","max-video-preview":"max-video-preview:-1"},"canonical":"https:\/\/grupoandersons.com\/en\/tyc-vales\/","og_locale":"es_MX","og_type":"article","og_title":"Tyc vales - Grupo Anderson's EN","og_description":"T\u00c9RMINOS Y CONDICIONES 10% off Se debe presentar la tarjeta para obtener el descuento. Es necesario mostrar el gafete o indicador de que es parte del congreso \/ convenci\u00f3n. El descuento se hace sobre el total de la cuenta. Es v\u00e1lido para una visita. No es v\u00e1lido para posadas. V\u00e1lido en las fechas del congreso [&hellip;]","og_url":"https:\/\/grupoandersons.com\/en\/tyc-vales\/","og_site_name":"Grupo Anderson's EN","article_modified_time":"2025-10-23T19:22:29+00:00","twitter_card":"summary_large_image","twitter_misc":{"Tiempo de lectura":"4 minutos"},"schema":{"@context":"https:\/\/schema.org","@graph":[{"@type":"WebPage","@id":"https:\/\/grupoandersons.com\/en\/tyc-vales\/","url":"https:\/\/grupoandersons.com\/en\/tyc-vales\/","name":"Tyc vales - Grupo Anderson's EN","isPartOf":{"@id":"https:\/\/grupoandersons.com\/en\/#website"},"datePublished":"2024-05-31T22:19:07+00:00","dateModified":"2025-10-23T19:22:29+00:00","breadcrumb":{"@id":"https:\/\/grupoandersons.com\/en\/tyc-vales\/#breadcrumb"},"inLanguage":"es","potentialAction":[{"@type":"ReadAction","target":["https:\/\/grupoandersons.com\/en\/tyc-vales\/"]}]},{"@type":"BreadcrumbList","@id":"https:\/\/grupoandersons.com\/en\/tyc-vales\/#breadcrumb","itemListElement":[{"@type":"ListItem","position":1,"name":"Inicio","item":"https:\/\/grupoandersons.com\/en\/"},{"@type":"ListItem","position":2,"name":"Tyc vales"}]},{"@type":"WebSite","@id":"https:\/\/grupoandersons.com\/en\/#website","url":"https:\/\/grupoandersons.com\/en\/","name":"Grupo Anderson's EN","description":"","potentialAction":[{"@type":"SearchAction","target":{"@type":"EntryPoint","urlTemplate":"https:\/\/grupoandersons.com\/en\/?s={search_term_string}"},"query-input":{"@type":"PropertyValueSpecification","valueRequired":true,"valueName":"search_term_string"}}],"inLanguage":"es"}]}},"_links":{"self":[{"href":"https:\/\/grupoandersons.com\/en\/wp-json\/wp\/v2\/pages\/17239","targetHints":{"allow":["GET"]}}],"collection":[{"href":"https:\/\/grupoandersons.com\/en\/wp-json\/wp\/v2\/pages"}],"about":[{"href":"https:\/\/grupoandersons.com\/en\/wp-json\/wp\/v2\/types\/page"}],"author":[{"embeddable":true,"href":"https:\/\/grupoandersons.com\/en\/wp-json\/wp\/v2\/users\/1"}],"replies":[{"embeddable":true,"href":"https:\/\/grupoandersons.com\/en\/wp-json\/wp\/v2\/comments?post=17239"}],"version-history":[{"count":28,"href":"https:\/\/grupoandersons.com\/en\/wp-json\/wp\/v2\/pages\/17239\/revisions"}],"predecessor-version":[{"id":20011,"href":"https:\/\/grupoandersons.com\/en\/wp-json\/wp\/v2\/pages\/17239\/revisions\/20011"}],"wp:attachment":[{"href":"https:\/\/grupoandersons.com\/en\/wp-json\/wp\/v2\/media?parent=17239"}],"curies":[{"name":"wp","href":"https:\/\/api.w.org\/{rel}","templated":true}]}}