{"id":3733,"date":"2024-05-21T17:33:54","date_gmt":"2024-05-21T17:33:54","guid":{"rendered":"https:\/\/grupoandersons.com\/en\/?page_id=3733"},"modified":"2025-08-12T15:15:54","modified_gmt":"2025-08-12T15:15:54","slug":"contacto","status":"publish","type":"page","link":"https:\/\/grupoandersons.com\/en\/contacto\/","title":{"rendered":"Contacto"},"content":{"rendered":"\t\t<div data-elementor-type=\"wp-page\" data-elementor-id=\"3733\" class=\"elementor elementor-3733\" data-elementor-post-type=\"page\">\n\t\t\t\t<div class=\"elementor-element elementor-element-031c2b7 e-con-full nopad e-flex e-con e-parent\" data-id=\"031c2b7\" data-element_type=\"container\" data-settings=\"{&quot;background_background&quot;:&quot;classic&quot;}\">\n\t\t<div class=\"elementor-element elementor-element-edd2ebb e-con-full e-flex e-con e-child\" data-id=\"edd2ebb\" data-element_type=\"container\" data-settings=\"{&quot;background_background&quot;:&quot;classic&quot;}\">\n\t\t\t\t<div class=\"elementor-element elementor-element-4cd1384 elementor-widget elementor-widget-heading\" data-id=\"4cd1384\" data-element_type=\"widget\" data-widget_type=\"heading.default\">\n\t\t\t\t<div class=\"elementor-widget-container\">\n\t\t\t\t\t<h2 class=\"elementor-heading-title elementor-size-default\">HOW CAN WE HELP YOU?<\/h2>\t\t\t\t<\/div>\n\t\t\t\t<\/div>\n\t\t\t\t<div class=\"elementor-element elementor-element-c9e1210 elementor-button-align-center elementor-widget elementor-widget-form\" data-id=\"c9e1210\" data-element_type=\"widget\" data-settings=\"{&quot;step_next_label&quot;:&quot;Next&quot;,&quot;step_previous_label&quot;:&quot;Previous&quot;,&quot;button_width&quot;:&quot;100&quot;,&quot;step_type&quot;:&quot;number_text&quot;,&quot;step_icon_shape&quot;:&quot;circle&quot;}\" data-widget_type=\"form.default\">\n\t\t\t\t<div class=\"elementor-widget-container\">\n\t\t\t\t\t\t\t<form class=\"elementor-form\" method=\"post\" name=\"New Form\" aria-label=\"New Form\">\n\t\t\t<input type=\"hidden\" name=\"post_id\" value=\"3733\"\/>\n\t\t\t<input type=\"hidden\" name=\"form_id\" value=\"c9e1210\"\/>\n\t\t\t<input type=\"hidden\" name=\"referer_title\" value=\"Contacto - Grupo Anderson&#039;s\" \/>\n\n\t\t\t\t\t\t\t<input type=\"hidden\" name=\"queried_id\" value=\"3733\"\/>\n\t\t\t\n\t\t\t<div class=\"elementor-form-fields-wrapper elementor-labels-above\">\n\t\t\t\t\t\t\t\t<div class=\"elementor-field-type-text elementor-field-group elementor-column elementor-field-group-name elementor-col-100\">\n\t\t\t\t\t\t\t\t\t\t\t\t<label for=\"form-field-name\" class=\"elementor-field-label\">\n\t\t\t\t\t\t\t\tName\t\t\t\t\t\t\t<\/label>\n\t\t\t\t\t\t\t\t\t\t\t\t\t\t<input size=\"1\" type=\"text\" name=\"form_fields[name]\" id=\"form-field-name\" class=\"elementor-field elementor-size-sm  elementor-field-textual\">\n\t\t\t\t\t\t\t\t\t\t\t<\/div>\n\t\t\t\t\t\t\t\t<div class=\"elementor-field-type-email elementor-field-group elementor-column elementor-field-group-email elementor-col-50 elementor-field-required\">\n\t\t\t\t\t\t\t\t\t\t\t\t<label for=\"form-field-email\" class=\"elementor-field-label\">\n\t\t\t\t\t\t\t\tEmail\t\t\t\t\t\t\t<\/label>\n\t\t\t\t\t\t\t\t\t\t\t\t\t\t<input size=\"1\" type=\"email\" name=\"form_fields[email]\" id=\"form-field-email\" class=\"elementor-field elementor-size-sm  elementor-field-textual\" required=\"required\">\n\t\t\t\t\t\t\t\t\t\t\t<\/div>\n\t\t\t\t\t\t\t\t<div class=\"elementor-field-type-text elementor-field-group elementor-column elementor-field-group-email elementor-col-50 elementor-field-required\">\n\t\t\t\t\t\t\t\t\t\t\t\t<label for=\"form-field-email\" class=\"elementor-field-label\">\n\t\t\t\t\t\t\t\tPhone\t\t\t\t\t\t\t<\/label>\n\t\t\t\t\t\t\t\t\t\t\t\t\t\t<input size=\"1\" type=\"text\" name=\"form_fields[email]\" id=\"form-field-email\" class=\"elementor-field elementor-size-sm  elementor-field-textual\" required=\"required\">\n\t\t\t\t\t\t\t\t\t\t\t<\/div>\n\t\t\t\t\t\t\t\t<div class=\"elementor-field-type-select elementor-field-group elementor-column elementor-field-group-field_a29ce2d elementor-col-100\">\n\t\t\t\t\t\t\t\t\t\t\t\t<label for=\"form-field-field_a29ce2d\" class=\"elementor-field-label\">\n\t\t\t\t\t\t\t\tArea\t\t\t\t\t\t\t<\/label>\n\t\t\t\t\t\t\t\t<div class=\"elementor-field elementor-select-wrapper remove-before \">\n\t\t\t<div class=\"select-caret-down-wrapper\">\n\t\t\t\t<svg aria-hidden=\"true\" class=\"e-font-icon-svg e-eicon-caret-down\" viewBox=\"0 0 571.4 571.4\" xmlns=\"http:\/\/www.w3.org\/2000\/svg\"><path d=\"M571 393Q571 407 561 418L311 668Q300 679 286 679T261 668L11 418Q0 407 0 393T11 368 36 357H536Q550 357 561 368T571 393Z\"><\/path><\/svg>\t\t\t<\/div>\n\t\t\t<select name=\"form_fields[field_a29ce2d]\" id=\"form-field-field_a29ce2d\" class=\"elementor-field-textual elementor-size-sm\">\n\t\t\t\t\t\t\t\t\t<option value=\"\"><\/option>\n\t\t\t\t\t\t\t\t\t<option value=\"Ventas\/Grupos\">Ventas\/Grupos<\/option>\n\t\t\t\t\t\t\t\t\t<option value=\"Marketing\">Marketing<\/option>\n\t\t\t\t\t\t\t\t\t<option value=\"Recursos Humanos\">Recursos Humanos<\/option>\n\t\t\t\t\t\t\t\t\t<option value=\"Proveedores\">Proveedores<\/option>\n\t\t\t\t\t\t\t\t\t<option value=\"Pagos\">Pagos<\/option>\n\t\t\t\t\t\t\t\t\t<option value=\"\"><\/option>\n\t\t\t\t\t\t\t<\/select>\n\t\t<\/div>\n\t\t\t\t\t\t<\/div>\n\t\t\t\t\t\t\t\t<div class=\"elementor-field-type-textarea elementor-field-group elementor-column elementor-field-group-message elementor-col-100\">\n\t\t\t\t\t\t\t\t\t\t\t\t<label for=\"form-field-message\" class=\"elementor-field-label\">\n\t\t\t\t\t\t\t\tMessage\t\t\t\t\t\t\t<\/label>\n\t\t\t\t\t\t<textarea class=\"elementor-field-textual elementor-field  elementor-size-sm\" name=\"form_fields[message]\" id=\"form-field-message\" rows=\"4\"><\/textarea>\t\t\t\t<\/div>\n\t\t\t\t\t\t\t\t<div class=\"elementor-field-group elementor-column elementor-field-type-submit elementor-col-100 e-form__buttons\">\n\t\t\t\t\t<button class=\"elementor-button elementor-size-sm\" type=\"submit\">\n\t\t\t\t\t\t<span class=\"elementor-button-content-wrapper\">\n\t\t\t\t\t\t\t\t\t\t\t\t\t\t\t\t\t\t\t\t\t\t<span class=\"elementor-button-text\">SEND<\/span>\n\t\t\t\t\t\t\t\t\t\t\t\t\t<\/span>\n\t\t\t\t\t<\/button>\n\t\t\t\t<\/div>\n\t\t\t<\/div>\n\t\t<\/form>\n\t\t\t\t\t\t<\/div>\n\t\t\t\t<\/div>\n\t\t\t\t<\/div>\n\t\t<div class=\"elementor-element elementor-element-9f2af8e e-con-full e-flex e-con e-child\" data-id=\"9f2af8e\" data-element_type=\"container\">\n\t\t\t\t<\/div>\n\t\t\t\t<\/div>\n\t\t<div class=\"elementor-element elementor-element-0a7fb89 e-con-full nopad e-flex e-con e-parent\" data-id=\"0a7fb89\" data-element_type=\"container\">\n\t\t<div class=\"elementor-element elementor-element-8e56d59 e-con-full e-flex e-con e-child\" data-id=\"8e56d59\" data-element_type=\"container\" data-settings=\"{&quot;background_background&quot;:&quot;classic&quot;}\">\n\t\t\t\t<div class=\"elementor-element elementor-element-5296a18 elementor-widget elementor-widget-heading\" data-id=\"5296a18\" data-element_type=\"widget\" data-widget_type=\"heading.default\">\n\t\t\t\t<div class=\"elementor-widget-container\">\n\t\t\t\t\t<h2 class=\"elementor-heading-title elementor-size-default\">CORPORATE<br>GRUPO ANDERSON'S\n<\/h2>\t\t\t\t<\/div>\n\t\t\t\t<\/div>\n\t\t\t\t<div class=\"elementor-element elementor-element-cd6b7b4 elementor-widget elementor-widget-image\" data-id=\"cd6b7b4\" data-element_type=\"widget\" data-widget_type=\"image.default\">\n\t\t\t\t<div class=\"elementor-widget-container\">\n\t\t\t\t\t\t\t\t\t\t\t\t\t\t\t<img decoding=\"async\" width=\"178\" height=\"26\" src=\"https:\/\/grupoandersons.com\/en\/wp-content\/uploads\/sites\/2\/2024\/05\/separator1.svg\" class=\"attachment-large size-large wp-image-3753\" alt=\"\" \/>\t\t\t\t\t\t\t\t\t\t\t\t\t\t\t<\/div>\n\t\t\t\t<\/div>\n\t\t\t\t<div class=\"elementor-element elementor-element-87e1910 elementor-invisible elementor-widget elementor-widget-text-editor\" data-id=\"87e1910\" data-element_type=\"widget\" data-settings=\"{&quot;_animation&quot;:&quot;fadeInRight&quot;}\" data-widget_type=\"text-editor.default\">\n\t\t\t\t<div class=\"elementor-widget-container\">\n\t\t\t\t\t\t\t\t\t<p>Blvd. Puerto Canc\u00fan, Centro Corporativo NID,<br \/>Puerto Canc\u00fan, 77500 Canc\u00fan, Q.R.<\/p>\t\t\t\t\t\t\t\t<\/div>\n\t\t\t\t<\/div>\n\t\t\t\t<div class=\"elementor-element elementor-element-348c5b0 elementor-align-center elementor-icon-list--layout-traditional elementor-list-item-link-full_width elementor-widget elementor-widget-icon-list\" data-id=\"348c5b0\" data-element_type=\"widget\" data-widget_type=\"icon-list.default\">\n\t\t\t\t<div class=\"elementor-widget-container\">\n\t\t\t\t\t\t\t<ul class=\"elementor-icon-list-items\">\n\t\t\t\t\t\t\t<li class=\"elementor-icon-list-item\">\n\t\t\t\t\t\t\t\t\t\t\t<span class=\"elementor-icon-list-icon\">\n\t\t\t\t\t\t\t<svg aria-hidden=\"true\" class=\"e-font-icon-svg e-fas-phone\" viewBox=\"0 0 512 512\" xmlns=\"http:\/\/www.w3.org\/2000\/svg\"><path d=\"M493.4 24.6l-104-24c-11.3-2.6-22.9 3.3-27.5 13.9l-48 112c-4.2 9.8-1.4 21.3 6.9 28l60.6 49.6c-36 76.7-98.9 140.5-177.2 177.2l-49.6-60.6c-6.8-8.3-18.2-11.1-28-6.9l-112 48C3.9 366.5-2 378.1.6 389.4l24 104C27.1 504.2 36.7 512 48 512c256.1 0 464-207.5 464-464 0-11.2-7.7-20.9-18.6-23.4z\"><\/path><\/svg>\t\t\t\t\t\t<\/span>\n\t\t\t\t\t\t\t\t\t\t<span class=\"elementor-icon-list-text\">(998) 193 1700<\/span>\n\t\t\t\t\t\t\t\t\t<\/li>\n\t\t\t\t\t\t<\/ul>\n\t\t\t\t\t\t<\/div>\n\t\t\t\t<\/div>\n\t\t\t\t<div class=\"elementor-element elementor-element-e0c602e elementor-align-center elementor-invisible elementor-widget elementor-widget-button\" data-id=\"e0c602e\" data-element_type=\"widget\" data-settings=\"{&quot;_animation&quot;:&quot;fadeInRight&quot;,&quot;_animation_delay&quot;:2000}\" data-widget_type=\"button.default\">\n\t\t\t\t<div class=\"elementor-widget-container\">\n\t\t\t\t\t\t\t\t\t<div class=\"elementor-button-wrapper\">\n\t\t\t\t\t<a class=\"elementor-button elementor-button-link elementor-size-sm\" href=\"https:\/\/maps.app.goo.gl\/zyeUzyHBN2yDAj4Y7\">\n\t\t\t\t\t\t<span class=\"elementor-button-content-wrapper\">\n\t\t\t\t\t\t\t\t\t<span class=\"elementor-button-text\">Location<\/span>\n\t\t\t\t\t<\/span>\n\t\t\t\t\t<\/a>\n\t\t\t\t<\/div>\n\t\t\t\t\t\t\t\t<\/div>\n\t\t\t\t<\/div>\n\t\t\t\t<\/div>\n\t\t<div class=\"elementor-element elementor-element-871f6a0 e-con-full nopad e-flex e-con e-child\" data-id=\"871f6a0\" data-element_type=\"container\">\n\t\t\t\t<div class=\"elementor-element elementor-element-0ec7e38 elementor-widget elementor-widget-image\" data-id=\"0ec7e38\" data-element_type=\"widget\" data-widget_type=\"image.default\">\n\t\t\t\t<div class=\"elementor-widget-container\">\n\t\t\t\t\t\t\t\t\t\t\t\t\t\t\t<img fetchpriority=\"high\" decoding=\"async\" width=\"616\" height=\"474\" src=\"https:\/\/grupoandersons.com\/en\/wp-content\/uploads\/sites\/2\/2024\/05\/GA_Contacto-1.jpeg\" class=\"attachment-full size-full wp-image-3752\" alt=\"\" srcset=\"https:\/\/grupoandersons.com\/en\/wp-content\/uploads\/sites\/2\/2024\/05\/GA_Contacto-1.jpeg 616w, https:\/\/grupoandersons.com\/en\/wp-content\/uploads\/sites\/2\/2024\/05\/GA_Contacto-1-300x231.jpeg 300w\" sizes=\"(max-width: 616px) 100vw, 616px\" \/>\t\t\t\t\t\t\t\t\t\t\t\t\t\t\t<\/div>\n\t\t\t\t<\/div>\n\t\t\t\t<\/div>\n\t\t\t\t<\/div>\n\t\t\t\t<\/div>\n\t\t","protected":false},"excerpt":{"rendered":"<p>HOW CAN WE HELP YOU? CORPORATEGRUPO ANDERSON&#8217;S Blvd. Puerto Canc\u00fan, Centro Corporativo NID,Puerto Canc\u00fan, 77500 Canc\u00fan, Q.R. (998) 193 1700 Location<\/p>\n","protected":false},"author":1,"featured_media":3273,"parent":0,"menu_order":0,"comment_status":"closed","ping_status":"closed","template":"","meta":{"_acf_changed":false,"footnotes":""},"class_list":["post-3733","page","type-page","status-publish","has-post-thumbnail","hentry"],"acf":[],"yoast_head":"<!-- This site is optimized with the Yoast SEO plugin v26.7 - https:\/\/yoast.com\/wordpress\/plugins\/seo\/ -->\n<title>Contacto - Grupo Anderson&#039;s<\/title>\n<meta name=\"description\" content=\"Nos distinguimos por nuestro empe\u00f1o en la creaci\u00f3n de experiencias inolvidables para nuestros invitados, haci\u00e9ndolos sentir como si estuvieran en su casa\" \/>\n<meta name=\"robots\" content=\"index, follow, max-snippet:-1, max-image-preview:large, max-video-preview:-1\" \/>\n<link rel=\"canonical\" href=\"https:\/\/grupoandersons.com\/en\/contacto\/\" \/>\n<meta property=\"og:locale\" content=\"es_MX\" \/>\n<meta property=\"og:type\" content=\"article\" \/>\n<meta property=\"og:title\" content=\"Contacto - Grupo Anderson&#039;s\" \/>\n<meta property=\"og:description\" content=\"Nos distinguimos por nuestro empe\u00f1o en la creaci\u00f3n de experiencias inolvidables para nuestros invitados, haci\u00e9ndolos sentir como si estuvieran en su casa\" \/>\n<meta property=\"og:url\" content=\"https:\/\/grupoandersons.com\/en\/contacto\/\" \/>\n<meta property=\"og:site_name\" content=\"Grupo Anderson&#039;s EN\" \/>\n<meta property=\"article:modified_time\" content=\"2025-08-12T15:15:54+00:00\" \/>\n<meta property=\"og:image\" content=\"https:\/\/grupoandersons.com\/en\/wp-content\/uploads\/sites\/2\/2024\/05\/Mejores-restaurantes-mexico.jpg\" \/>\n\t<meta property=\"og:image:width\" content=\"690\" \/>\n\t<meta property=\"og:image:height\" content=\"552\" \/>\n\t<meta property=\"og:image:type\" content=\"image\/jpeg\" \/>\n<meta name=\"twitter:card\" content=\"summary_large_image\" \/>\n<meta name=\"twitter:label1\" content=\"Tiempo de lectura\" \/>\n\t<meta name=\"twitter:data1\" content=\"1 minuto\" \/>\n<script type=\"application\/ld+json\" class=\"yoast-schema-graph\">{\"@context\":\"https:\/\/schema.org\",\"@graph\":[{\"@type\":\"WebPage\",\"@id\":\"https:\/\/grupoandersons.com\/en\/contacto\/\",\"url\":\"https:\/\/grupoandersons.com\/en\/contacto\/\",\"name\":\"Contacto - Grupo Anderson's\",\"isPartOf\":{\"@id\":\"https:\/\/grupoandersons.com\/en\/#website\"},\"primaryImageOfPage\":{\"@id\":\"https:\/\/grupoandersons.com\/en\/contacto\/#primaryimage\"},\"image\":{\"@id\":\"https:\/\/grupoandersons.com\/en\/contacto\/#primaryimage\"},\"thumbnailUrl\":\"https:\/\/grupoandersons.com\/en\/wp-content\/uploads\/sites\/2\/2024\/05\/Mejores-restaurantes-mexico.jpg\",\"datePublished\":\"2024-05-21T17:33:54+00:00\",\"dateModified\":\"2025-08-12T15:15:54+00:00\",\"description\":\"Nos distinguimos por nuestro empe\u00f1o en la creaci\u00f3n de experiencias inolvidables para nuestros invitados, haci\u00e9ndolos sentir como si estuvieran en su casa\",\"breadcrumb\":{\"@id\":\"https:\/\/grupoandersons.com\/en\/contacto\/#breadcrumb\"},\"inLanguage\":\"es\",\"potentialAction\":[{\"@type\":\"ReadAction\",\"target\":[\"https:\/\/grupoandersons.com\/en\/contacto\/\"]}]},{\"@type\":\"ImageObject\",\"inLanguage\":\"es\",\"@id\":\"https:\/\/grupoandersons.com\/en\/contacto\/#primaryimage\",\"url\":\"https:\/\/grupoandersons.com\/en\/wp-content\/uploads\/sites\/2\/2024\/05\/Mejores-restaurantes-mexico.jpg\",\"contentUrl\":\"https:\/\/grupoandersons.com\/en\/wp-content\/uploads\/sites\/2\/2024\/05\/Mejores-restaurantes-mexico.jpg\",\"width\":690,\"height\":552},{\"@type\":\"BreadcrumbList\",\"@id\":\"https:\/\/grupoandersons.com\/en\/contacto\/#breadcrumb\",\"itemListElement\":[{\"@type\":\"ListItem\",\"position\":1,\"name\":\"Inicio\",\"item\":\"https:\/\/grupoandersons.com\/en\/\"},{\"@type\":\"ListItem\",\"position\":2,\"name\":\"Contacto\"}]},{\"@type\":\"WebSite\",\"@id\":\"https:\/\/grupoandersons.com\/en\/#website\",\"url\":\"https:\/\/grupoandersons.com\/en\/\",\"name\":\"Grupo Anderson's EN\",\"description\":\"\",\"potentialAction\":[{\"@type\":\"SearchAction\",\"target\":{\"@type\":\"EntryPoint\",\"urlTemplate\":\"https:\/\/grupoandersons.com\/en\/?s={search_term_string}\"},\"query-input\":{\"@type\":\"PropertyValueSpecification\",\"valueRequired\":true,\"valueName\":\"search_term_string\"}}],\"inLanguage\":\"es\"}]}<\/script>\n<!-- \/ Yoast SEO plugin. -->","yoast_head_json":{"title":"Contacto - Grupo Anderson's","description":"Nos distinguimos por nuestro empe\u00f1o en la creaci\u00f3n de experiencias inolvidables para nuestros invitados, haci\u00e9ndolos sentir como si estuvieran en su casa","robots":{"index":"index","follow":"follow","max-snippet":"max-snippet:-1","max-image-preview":"max-image-preview:large","max-video-preview":"max-video-preview:-1"},"canonical":"https:\/\/grupoandersons.com\/en\/contacto\/","og_locale":"es_MX","og_type":"article","og_title":"Contacto - Grupo Anderson's","og_description":"Nos distinguimos por nuestro empe\u00f1o en la creaci\u00f3n de experiencias inolvidables para nuestros invitados, haci\u00e9ndolos sentir como si estuvieran en su casa","og_url":"https:\/\/grupoandersons.com\/en\/contacto\/","og_site_name":"Grupo Anderson's EN","article_modified_time":"2025-08-12T15:15:54+00:00","og_image":[{"width":690,"height":552,"url":"https:\/\/grupoandersons.com\/en\/wp-content\/uploads\/sites\/2\/2024\/05\/Mejores-restaurantes-mexico.jpg","type":"image\/jpeg"}],"twitter_card":"summary_large_image","twitter_misc":{"Tiempo de lectura":"1 minuto"},"schema":{"@context":"https:\/\/schema.org","@graph":[{"@type":"WebPage","@id":"https:\/\/grupoandersons.com\/en\/contacto\/","url":"https:\/\/grupoandersons.com\/en\/contacto\/","name":"Contacto - Grupo Anderson's","isPartOf":{"@id":"https:\/\/grupoandersons.com\/en\/#website"},"primaryImageOfPage":{"@id":"https:\/\/grupoandersons.com\/en\/contacto\/#primaryimage"},"image":{"@id":"https:\/\/grupoandersons.com\/en\/contacto\/#primaryimage"},"thumbnailUrl":"https:\/\/grupoandersons.com\/en\/wp-content\/uploads\/sites\/2\/2024\/05\/Mejores-restaurantes-mexico.jpg","datePublished":"2024-05-21T17:33:54+00:00","dateModified":"2025-08-12T15:15:54+00:00","description":"Nos distinguimos por nuestro empe\u00f1o en la creaci\u00f3n de experiencias inolvidables para nuestros invitados, haci\u00e9ndolos sentir como si estuvieran en su casa","breadcrumb":{"@id":"https:\/\/grupoandersons.com\/en\/contacto\/#breadcrumb"},"inLanguage":"es","potentialAction":[{"@type":"ReadAction","target":["https:\/\/grupoandersons.com\/en\/contacto\/"]}]},{"@type":"ImageObject","inLanguage":"es","@id":"https:\/\/grupoandersons.com\/en\/contacto\/#primaryimage","url":"https:\/\/grupoandersons.com\/en\/wp-content\/uploads\/sites\/2\/2024\/05\/Mejores-restaurantes-mexico.jpg","contentUrl":"https:\/\/grupoandersons.com\/en\/wp-content\/uploads\/sites\/2\/2024\/05\/Mejores-restaurantes-mexico.jpg","width":690,"height":552},{"@type":"BreadcrumbList","@id":"https:\/\/grupoandersons.com\/en\/contacto\/#breadcrumb","itemListElement":[{"@type":"ListItem","position":1,"name":"Inicio","item":"https:\/\/grupoandersons.com\/en\/"},{"@type":"ListItem","position":2,"name":"Contacto"}]},{"@type":"WebSite","@id":"https:\/\/grupoandersons.com\/en\/#website","url":"https:\/\/grupoandersons.com\/en\/","name":"Grupo Anderson's EN","description":"","potentialAction":[{"@type":"SearchAction","target":{"@type":"EntryPoint","urlTemplate":"https:\/\/grupoandersons.com\/en\/?s={search_term_string}"},"query-input":{"@type":"PropertyValueSpecification","valueRequired":true,"valueName":"search_term_string"}}],"inLanguage":"es"}]}},"_links":{"self":[{"href":"https:\/\/grupoandersons.com\/en\/wp-json\/wp\/v2\/pages\/3733","targetHints":{"allow":["GET"]}}],"collection":[{"href":"https:\/\/grupoandersons.com\/en\/wp-json\/wp\/v2\/pages"}],"about":[{"href":"https:\/\/grupoandersons.com\/en\/wp-json\/wp\/v2\/types\/page"}],"author":[{"embeddable":true,"href":"https:\/\/grupoandersons.com\/en\/wp-json\/wp\/v2\/users\/1"}],"replies":[{"embeddable":true,"href":"https:\/\/grupoandersons.com\/en\/wp-json\/wp\/v2\/comments?post=3733"}],"version-history":[{"count":44,"href":"https:\/\/grupoandersons.com\/en\/wp-json\/wp\/v2\/pages\/3733\/revisions"}],"predecessor-version":[{"id":19903,"href":"https:\/\/grupoandersons.com\/en\/wp-json\/wp\/v2\/pages\/3733\/revisions\/19903"}],"wp:featuredmedia":[{"embeddable":true,"href":"https:\/\/grupoandersons.com\/en\/wp-json\/wp\/v2\/media\/3273"}],"wp:attachment":[{"href":"https:\/\/grupoandersons.com\/en\/wp-json\/wp\/v2\/media?parent=3733"}],"curies":[{"name":"wp","href":"https:\/\/api.w.org\/{rel}","templated":true}]}}